{"id":307,"date":"2018-04-15T13:48:48","date_gmt":"2018-04-15T13:48:48","guid":{"rendered":"http:\/\/wp.kodesolution.work\/personal\/j\/mobile-repair\/demo\/?page_id=307"},"modified":"2023-09-02T16:48:16","modified_gmt":"2023-09-02T16:48:16","slug":"kumasi","status":"publish","type":"page","link":"https:\/\/www.aicpghana.org\/Italian\/kumasi\/","title":{"rendered":"Kumasi"},"content":{"rendered":"<p>[vc_row full_width=&#8221;stretch_row&#8221; bg_type=&#8221;image&#8221; parallax_style=&#8221;vcpb-default&#8221; bg_image_new=&#8221;id^15600|url^http:\/\/wp.kodesolution.work\/personal\/j\/charitab\/demo\/wp-content\/uploads\/sites\/7\/2018\/06\/dotted-worldmap1.png|caption^null|alt^null|title^dotted-worldmap1|description^null&#8221; enable_overlay=&#8221;enable_overlay_value&#8221; overlay_color=&#8221;rgba(247,247,247,0.72)&#8221; el_class=&#8221;bg-silver-light&#8221;][vc_column css=&#8221;.vc_custom_1518619717967{padding-top: 0px !important;}&#8221;][vc_row_inner][vc_column_inner width=&#8221;3\/12&#8243;][\/vc_column_inner][vc_column_inner width=&#8221;6\/12&#8243;][vc_custom_heading text=&#8221;Kumasi &#8211; Cresciamo Insieme&#8221; use_theme_fonts=&#8221;yes&#8221;][vc_custom_heading text=&#8221;Doposcuola\/Centro Giovanile Comunitario&#8221; font_container=&#8221;tag:h5|text_align:center&#8221; use_theme_fonts=&#8221;yes&#8221;][\/vc_column_inner][vc_column_inner width=&#8221;3\/12&#8243;][\/vc_column_inner][\/vc_row_inner][vc_column_text]Apertura di un Doposcuola\/Centro Giovanile Comunitario nel quartiere rurale di Buokrom Estate, Kumasi, Ghana, per dare la possibilit\u00e0 di un supporto educativo e ricreativo permanente a bambini e adolescenti svantaggiati.<\/p>\n<p><strong>Obiettivo generale<\/strong>: dare a bambini e adolescenti svantaggiati un luogo di riferimento dove incontrarsi e giocare, fare insieme attivit\u00e0 educative e ricreative.<\/p>\n<p>L\u2019idea guida di questo progetto \u00e8 quella di attivare un programma di doposcuola per contrastare il fallimento nello studio, il livello insufficiente di alfabetizzazione e lo svantaggio educativo dei minori.<\/p>\n<p>Lo scopo del servizio doposcuola \u00e8 la motivazione e\/o rimotivazione dei minori \u201cin apprendimento\u201d, \u00e8 finalizzato al miglioramento del rendimento scolastico, delle competenze personali e scolastiche, lavorando sulla valorizzazione del proprio s\u00e9.<\/p>\n<p>Obiettivo principale del progetto \u00e8 valorizzare la singolarit\u00e0 di ogni minore per individuare percorsi educativi adeguati, in riferimento a situazioni specifiche quali:<\/p>\n<ul>\n<li>difficolt\u00e0 nel raggiungimento del livello di scolarit\u00e0 idoneo alla classe di collocamento<\/li>\n<li>rafforzare le motivazioni della famiglia sull\u2019importanza della scolarizzazione<\/li>\n<li>recupero e sostegno scolastico e sviluppo di una graduale autonomia nella lettura e nello studio<\/li>\n<\/ul>\n<p>[\/vc_column_text][vc_row_inner][vc_column_inner][vc_custom_heading text=&#8221;La strategia di intervento: modalit\u00e0 e azioni&#8221; font_container=&#8221;tag:h3|text_align:center&#8221; use_theme_fonts=&#8221;yes&#8221;][vc_column_text]<\/p>\n<h5>1. RICERCA E SENSIBILIZZAZIONE<\/h5>\n<p>Il progetto prevede uno studio preliminare nell\u2019area prescelta con personale locale competente in collaborazione con le scuole e gli insegnanti locali. Durante la ricerca verranno stabiliti contatti con la comunit\u00e0 attraverso incontri finalizzati a sensibilizzare sull\u2019importanza dell\u2019apprendimento e della scolarizzazione all&#8217;interno della famiglia e della comunit\u00e0. Il legame con la comunit\u00e0 sar\u00e0 mantenuto con incontri periodici.<\/p>\n<p>&nbsp;<\/p>\n<h5>2. ATTIVIT\u00c0 DI RETE<\/h5>\n<ul>\n<li>Sulla rete formale: incontri con le scuole e i docenti dei minori al fine di condividere alcuni strumenti operativi e finalizzare gli interventi non tanto ad un sostegno scolastico a tutto campo, ma per concentrarsi su apprendimenti apicali, su cui sperimentare successi che a cascata possono riversarsi su tutti gli altri processi di apprendimento. Obiettivo centrale: RI-MOTIVARE.<\/li>\n<li>Sulla rete informale: l\u2019associazione cercher\u00e0 da un lato contatti con le famiglie dei bambini assistiti per coinvolgerle e responsabilizzarle nel processo di sostegno, dall\u2019altro per coinvolgere i bambini con le loro famiglie nelle numerose iniziative organizzate da <strong>Awia Inclusive Community Project<\/strong>, come feste, eventi, manifestazioni anche legate alla vita rituale della comunit\u00e0.<\/li>\n<\/ul>\n<p>[\/vc_column_text][vc_column_text]<\/p>\n<h5>3. ADOZIONI A DISTANZA<\/h5>\n<p><strong>AICP<\/strong> predispone programmi di adozione a distanza per minori svantaggiati e disabili per provvedere alle loro esigenze scolastiche e per l\u2019acquisto di ausili per la disabilit\u00e0.[\/vc_column_text][vc_column_text]<\/p>\n<h5>4. ATTIVIT\u00c0 EDUCATIVO-RICREATIVE<\/h5>\n<p>Le attivit\u00e0 alla base del percorso dei ragazzi saranno educative, come il doposcuola e l\u2019alfabetizzazione, e ricreative, come l\u2019arte e lo sport. Portate avanti da docenti specializzati, le attivit\u00e0 individuate per il percorso individuale saranno svolte in gruppo per favorire la collaborazione ed il sostegno reciproco. Le attivit\u00e0 offriranno opportunit\u00e0 per:<\/p>\n<ul>\n<li>migliorare le attivit\u00e0 educative di bambini e adolescenti<\/li>\n<li>creare occasioni di comunicazione e socializzazione<\/li>\n<li>migliorare le relazioni tra insegnanti, familiari e comunit\u00e0<\/li>\n<li>abbattere le barriere dovute ad atteggiamenti stereotipati<\/li>\n<li>aumentare la consapevolezza dell&#8217;importanza dell&#8217;apprendimento a vari livelli, familiare, sociale, comunitario<\/li>\n<\/ul>\n<p>&nbsp;<\/p>\n<h5>5. ATTIVIT\u00c0 CON I MINORI<\/h5>\n<ul>\n<li><strong>Laboratorio di ri-motivazione allo studio<\/strong>: mira a recuperare l&#8217;esperienza del minore, cercandovi agganci per associarvi motivazioni. Organizziamo anche attivit\u00e0 di \u201cinsegnamento centrato su problemi reali\u201d, ad esempio come comportarsi nelle diverse situazioni quotidiane. OBIETTIVO CENTRALE: utilizzare gli apprendimenti in un ambiente reale non competitivo.<\/li>\n<li><strong>Attivit\u00e0 di sostegno ai compiti<\/strong>: generalmente legate alle abilit\u00e0 di base dello studio, e in particolare a focus individualizzati (concordati con gli insegnanti) su cui sperimentare il successo. In questo contesto si possono eventualmente recuperare le procedure del primo laboratorio. OBIETTIVO CENTRALE: avere successo in campi generalizzabili, ottenere successi a scuola.<\/li>\n<li><strong>Attivit\u00e0 culturali e laboratorio di lettura<\/strong>: lettura di libri secondo il metodo PHONICS per imparare a leggere e comprendere in inglese, guardare video e ascoltare musica nella stessa logica. OBIETTIVO CENTRALE: leggere, comprendere, scrivere in inglese.<\/li>\n<li><strong>Laboratori espressivi<\/strong>: nel Centro sar\u00e0 allestito uno spazio dove i minori potranno svolgere laboratori di pittura, manipolazione e musica e, all&#8217;aperto, laboratori sportivi (calcio, basket) e giochi di comunit\u00e0. Parte di queste attivit\u00e0 saranno legate alla vita culturale e rituale del territorio, quindi occasione di integrazione. OBIETTIVO CENTRALE: sperimentare e sviluppare interessi artistici, partecipare alla vita comunitaria.<\/li>\n<li><strong>Attivit\u00e0 di impegno e responsabilit\u00e0 sociale<\/strong>: i bambini vengono attivati \u200b\u200ball\u2019autogestione del proprio spazio, al mutuo soccorso e alla promozione delle attivit\u00e0 di AICP sul territorio (banchi di beneficenza, feste, ecc.). OBIETTIVO CENTRALE: uscire dalla logica esistenzialista e aiutare gli altri, per avere un obiettivo superiore, un orizzonte.<\/li>\n<li><strong>Attivit\u00e0 ricreative<\/strong>: spuntini, giochi, feste, gite ricreative e culturali. OBIETTIVO CENTRALE: divertirsi e stare bene insieme.<\/li>\n<\/ul>\n<p>&nbsp;<\/p>\n<p>Nella consapevolezza che il ruolo della famiglia \u00e8 centrale nell\u2019educazione e formazione dei minori, gli operatori del progetto promuovono il ruolo della famiglia nella sua funzione di educazione e formazione dei figli, favorendo l&#8217;instaurazione di rapporti reciproci autentici con il bambino, la famiglia e la comunit\u00e0 a cui appartiene.<\/p>\n<p>&nbsp;<\/p>\n<h5>6. SPAZI DISPONIBILI<\/h5>\n<p>Per il doposcuola saranno messi a disposizione:<\/p>\n<ul>\n<li>un\u2019area delimitata per attivit\u00e0 sportive (calcio, basket) e all\u2019aperto<\/li>\n<li>un\u2019aula per laboratorio espressivo e musicale (con tutte le relative attrezzature)<\/li>\n<li>un\u2019aula compiti dove gli alunni saranno seguiti da un insegnante specializzato<\/li>\n<li>una sala polifunzionale per attivit\u00e0 culturali e laboratorio di lettura, che sar\u00e0 dotata di tutto il materiale didattico necessario (cancelleria, libri scolastici, dizionari e vocabolari, atlante, registratore, lavagne, attrezzatura multimediale, ecc.)<\/li>\n<li>4 bagni e docce<\/li>\n<li>una piccola dispensa<\/li>\n<li>deposito di pronto soccorso<\/li>\n<\/ul>\n<p>[\/vc_column_text][\/vc_column_inner][\/vc_row_inner][vc_row_inner][vc_column_inner width=&#8221;1\/2&#8243;][vc_column_text]<\/p>\n<h4><strong>Destinatari finali<\/strong><\/h4>\n<p>I destinatari primari del progetto sono i minori che frequentano le scuole dell&#8217;obbligo (dai 6 ai 14\/15 anni).<\/p>\n<p>I minori che partecipano al doposcuola sono:<\/p>\n<ul>\n<li>segnalati da scuole e insegnanti<\/li>\n<li>segnalati da assistenti sociali o membri della comunit\u00e0 a cui appartengono<\/li>\n<\/ul>\n<p>&nbsp;<\/p>\n<p>Naturalmente, il lavoro di ricerca e sensibilizzazione riguarda la comunit\u00e0 nel suo insieme, le scuole e le autorit\u00e0 locali.[\/vc_column_text][\/vc_column_inner][vc_column_inner width=&#8221;1\/2&#8243;][vc_single_image image=&#8221;17363&#8243; img_size=&#8221;600x 350&#8243; alignment=&#8221;center&#8221; style=&#8221;vc_box_shadow_3d&#8221;][\/vc_column_inner][\/vc_row_inner][vc_column_text]<\/p>\n<h4 style=\"text-align: center;\"><strong>Orari di apertura<\/strong><\/h4>\n<p>[\/vc_column_text][vc_row_inner][vc_column_inner width=&#8221;1\/2&#8243;][vc_column_text]Quando sar\u00e0 pienamente operativo, il Centro sar\u00e0 aperto:<\/p>\n<ul>\n<li>tutti i giorni feriali per attivit\u00e0 cognitive e di rimotivazione<\/li>\n<li>3 giorni a settimana per il laboratorio di lettura<\/li>\n<li>sabato per ricreazione e laboratori espressivi<\/li>\n<\/ul>\n<p>[\/vc_column_text][\/vc_column_inner][vc_column_inner width=&#8221;1\/2&#8243;][vc_column_text]Il programma del doposcuola sar\u00e0 organizzato come segue:<\/p>\n<p>15:45 &#8211; 16:00: accoglienza<\/p>\n<p>16:00 &#8211; 17:00: sostegno ai compiti<\/p>\n<p>17:00 &#8211; 17:15: pausa<\/p>\n<p>17:15 &#8211; 17:45: studio, gioco o relax<\/p>\n<p>17:45 &#8211; 18:00: uscita[\/vc_column_text][\/vc_column_inner][\/vc_row_inner][\/vc_column][\/vc_row][vc_row full_width=&#8221;stretch_row_content&#8221; css=&#8221;.vc_custom_1692010822116{background-color: #efefef !important;}&#8221;][vc_column]\r\n<div class=\"tm-sc tm-sc-icon-box icon-box icon-top iconbox-style1-current-theme-animation text-center iconbox-box-shadow iconbox-default-padding iconbox-centered-in-responsive icon-position-icon-top  \">\r\n\t<div class=\"icon-wrapper\">\r\n        \t\t\t\t\t<\/div>\r\n\t<div class=\"icon-text\">\r\n        \r\n\t\t\t\t<h2 class=\"icon-box-title \" >\r\n\t\t\t\t\t\t<a target=\"_self\" href=\"https:\/\/www.aicpghana.org\/Italian\/donate\/\">\r\n\t\t\t\tSei un privato o un'azienda?\t\t\t<\/a>\r\n\t\t\t\t\t<\/h2>\r\n\t\t\t\t<div class=\"content\"><h4 style=\"text-align: center\"><span lang=\"IT\">\u00a0Sponsorizza i nostri progetti e dai speranza ai bambini pi\u00f9 svantaggiati!<\/span><\/h4>\n<\/div>\r\n\t\t\r\n                <div class=\"btn-view-details text-center\">\r\n    <a  target=\"_self\" \r\n      href=\"https:\/\/www.aicpghana.org\/Italian\/donate\/\"\r\n      class=\"btn btn-theme-colored1\">\r\n      DONA ORA    <\/a>\r\n<\/div>        \t<\/div>\r\n\t<div class=\"clearfix\"><\/div>\r\n<\/div>[\/vc_column][\/vc_row]<\/p>\n","protected":false},"excerpt":{"rendered":"<p>[vc_row full_width=&#8221;stretch_row&#8221; bg_type=&#8221;image&#8221; parallax_style=&#8221;vcpb-default&#8221; bg_image_new=&#8221;id^15600|url^http:\/\/wp.kodesolution.work\/personal\/j\/charitab\/demo\/wp-content\/uploads\/sites\/7\/2018\/06\/dotted-worldmap1.png|caption^null|alt^null|title^dotted-worldmap1|description^null&#8221; enable_overlay=&#8221;enable_overlay_value&#8221; overlay_color=&#8221;rgba(247,247,247,0.72)&#8221; el_class=&#8221;bg-silver-light&#8221;][vc_column css=&#8221;.vc_custom_1518619717967{padding-top: 0px !important;}&#8221;][vc_row_inner][vc_column_inner width=&#8221;3\/12&#8243;][\/vc_column_inner][vc_column_inner width=&#8221;6\/12&#8243;][vc_custom_heading text=&#8221;Kumasi &#8211; Cresciamo Insieme&#8221; use_theme_fonts=&#8221;yes&#8221;][vc_custom_heading text=&#8221;Doposcuola\/Centro Giovanile&#8230;<\/p>\n","protected":false},"author":1,"featured_media":0,"parent":0,"menu_order":0,"comment_status":"closed","ping_status":"closed","template":"","meta":{"footnotes":""},"class_list":["post-307","page","type-page","status-publish","hentry"],"_links":{"self":[{"href":"https:\/\/www.aicpghana.org\/Italian\/wp-json\/wp\/v2\/pages\/307","targetHints":{"allow":["GET"]}}],"collection":[{"href":"https:\/\/www.aicpghana.org\/Italian\/wp-json\/wp\/v2\/pages"}],"about":[{"href":"https:\/\/www.aicpghana.org\/Italian\/wp-json\/wp\/v2\/types\/page"}],"author":[{"embeddable":true,"href":"https:\/\/www.aicpghana.org\/Italian\/wp-json\/wp\/v2\/users\/1"}],"replies":[{"embeddable":true,"href":"https:\/\/www.aicpghana.org\/Italian\/wp-json\/wp\/v2\/comments?post=307"}],"version-history":[{"count":38,"href":"https:\/\/www.aicpghana.org\/Italian\/wp-json\/wp\/v2\/pages\/307\/revisions"}],"predecessor-version":[{"id":17437,"href":"https:\/\/www.aicpghana.org\/Italian\/wp-json\/wp\/v2\/pages\/307\/revisions\/17437"}],"wp:attachment":[{"href":"https:\/\/www.aicpghana.org\/Italian\/wp-json\/wp\/v2\/media?parent=307"}],"curies":[{"name":"wp","href":"https:\/\/api.w.org\/{rel}","templated":true}]}}