{"id":26,"date":"2018-02-13T14:09:21","date_gmt":"2018-02-13T14:09:21","guid":{"rendered":"http:\/\/pc2\/wordpress\/wp-k2c1-helpingpro\/helpingpro\/?page_id=26"},"modified":"2023-09-02T14:52:18","modified_gmt":"2023-09-02T14:52:18","slug":"home-2","status":"publish","type":"page","link":"https:\/\/www.aicpghana.org\/Italian\/","title":{"rendered":"Home"},"content":{"rendered":"<p>[vc_row full_width=&#8221;stretch_row&#8221; bg_type=&#8221;image&#8221; parallax_style=&#8221;vcpb-default&#8221; bg_image_new=&#8221;id^2954|url^http:\/\/wp.kodesolution.work\/personal\/j\/charitab\/demo\/wp-content\/uploads\/sites\/7\/2018\/05\/poor-child1.jpg|caption^null|alt^null|title^poor-child1|description^null&#8221; enable_overlay=&#8221;enable_overlay_value&#8221; overlay_color=&#8221;rgba(29,92,97,0.95)&#8221; css=&#8221;.vc_custom_1541094729087{padding-top: 0px !important;padding-bottom: 30px !important;}&#8221;][vc_column][vc_row_inner][vc_column_inner][vc_custom_heading text=&#8221;Awia Inclusive Community Project&#8221; font_container=&#8221;tag:h2|font_size:34|text_align:left&#8221; use_theme_fonts=&#8221;yes&#8221; el_class=&#8221;text-white font-weight-600&#8243; css=&#8221;.vc_custom_1624816838024{margin-top: 0px !important;margin-bottom: 0px !important;}&#8221;][vc_column_text css=&#8221;.vc_custom_1692353506167{margin-bottom: 10px !important;}&#8221; el_class=&#8221;text-white&#8221;]<strong>Awia<\/strong> significa <strong>Sole<\/strong> in lingua Twi, la pi\u00f9 diffusa in Ghana. <strong>Awia Inclusive Community Project<\/strong> <strong>(AICP)<\/strong> \u00e8 un\u2019organizzazione no-profit che si propone di realizzare progetti socio-educativi e di sviluppo su base comunitaria, al fine di migliorare la qualit\u00e0 della vita dei minori svantaggiati e dei minori con disabilit\u00e0 non solo grazie al soddisfacimento dei bisogni primari ma garantendo inclusione e partecipazione alla vita della comunit\u00e0.<\/p>\n<p>Attraverso il supporto internazionale lavoriamo con le comunit\u00e0 locali e coi Servizi Sociali per dare ai bambini l\u2019opportunit\u00e0 di raggiungere il loro pieno potenziale e l\u2019inclusione sociale, sensibilizzando sull\u2019importanza dell\u2019apprendimento e della scuola, educando ad una visione diversa della disabilit\u00e0 al fine di produrre un cambiamento nella percezione della disabilit\u00e0 e dell\u2019handicap all\u2019interno delle famiglie e delle comunit\u00e0.[\/vc_column_text][\/vc_column_inner][\/vc_row_inner][\/vc_column][\/vc_row][vc_row section_typo=&#8221;section-typo-light&#8221; full_width=&#8221;stretch_row&#8221; el_class=&#8221;bg-silver-light&#8221; css=&#8221;.vc_custom_1530783321433{padding-bottom: 30px !important;}&#8221;][vc_column width=&#8221;1\/2&#8243; css=&#8221;.vc_custom_1530783620041{padding-top: 0px !important;}&#8221;]\r\n<div class=\"tm-sc tm-sc-icon-box icon-box icon-top text-left iconbox-box-shadow iconbox-default-padding iconbox-centered-in-responsive icon-position-icon-top bg-theme-colored1  vc_custom_1679483678278\">\r\n\t<div class=\"icon-wrapper\">\r\n        \t\t\t\t\t<\/div>\r\n\t<div class=\"icon-text\">\r\n        \r\n\t\t\t\t<h3 class=\"icon-box-title \" >\r\n\t\t\t\t\t\t<a target=\"_self\" href=\"https:\/\/www.aicpghana.org\/Italian\/pages\/mission\/\">\r\n\t\t\t\tLa nostra storia\t\t\t<\/a>\r\n\t\t\t\t\t<\/h3>\r\n\t\t\t\t<div class=\"content\"><p>Nata dall\u2019idea e dall\u2019esperienza professionale di un volontario italiano residente in Ghana e dalla collaborazione di amici ghanesi, <strong>AICP<\/strong> diventa associazione nel 2021 grazie ad un piccolo gruppo di volontari impegnati ed \u00e8 riconosciuta ONG dal 2023; stiamo ora sviluppando progetti educativi inclusivi a Kumasi, la seconda citt\u00e0 del Ghana, e nella regione del Volta, una delle pi\u00f9 povere del Paese, per sostenere i bambini pi\u00f9 svantaggiati, molti dei quali hanno un qualche tipo di disabilit\u00e0.<\/p>\n<\/div>\r\n\t\t\r\n        \t<\/div>\r\n\t<div class=\"clearfix\"><\/div>\r\n<\/div>[\/vc_column][vc_column width=&#8221;1\/2&#8243; css=&#8221;.vc_custom_1530783630161{padding-top: 0px !important;}&#8221;][vc_empty_space height=&#8221;12px&#8221;]\r\n<div class=\"tm-sc tm-sc-icon-box icon-box icon-top iconbox-style1-current-theme-animation text-left iconbox-box-shadow iconbox-default-padding iconbox-centered-in-responsive icon-position-icon-top bg-theme-colored1  vc_custom_1679483791426\">\r\n\t<div class=\"icon-wrapper\">\r\n        \t\t\t\t\t<\/div>\r\n\t<div class=\"icon-text\">\r\n        \r\n\t\t\t\t<h3 class=\"icon-box-title \" >\r\n\t\t\t\t\t\t<a target=\"_self\" href=\"https:\/\/www.aicpghana.org\/Italian\/pages\/mission\/\">\r\n\t\t\t\tMission\t\t\t<\/a>\r\n\t\t\t\t\t<\/h3>\r\n\t\t\t\t<div class=\"content\"><p>La <em>mission<\/em> di <strong>AICP<\/strong> \u00e8 quella di realizzare progetti socio-educativi e di sviluppo secondo il metodo denominato Community-Based Rehabilitation (CBR) promosso dall&#8217;OMS, radicato nel concetto di sviluppo inclusivo su base comunitaria, che prevede il miglioramento della qualit\u00e0 della vita per i<\/p>\n<\/div>\r\n\t\t\r\n                <div class=\"btn-view-details text-right\">\r\n    <a  target=\"_self\" \r\n      href=\"https:\/\/www.aicpghana.org\/Italian\/pages\/mission\/\"\r\n      class=\"btn btn-light btn-sm btn-round\">\r\n      CONTINUA    <\/a>\r\n<\/div>        \t<\/div>\r\n\t<div class=\"clearfix\"><\/div>\r\n<\/div>[\/vc_column][\/vc_row][vc_row full_width=&#8221;stretch_row&#8221; el_class=&#8221;bg-silver-light&#8221; css=&#8221;.vc_custom_1527884875927{padding-top: 0px !important;}&#8221;][vc_column width=&#8221;1\/3&#8243; offset=&#8221;vc_col-lg-4 vc_col-md-6&#8243;][\/vc_column][vc_column width=&#8221;1\/3&#8243; offset=&#8221;vc_col-lg-4 vc_col-md-6&#8243;][\/vc_column][vc_column width=&#8221;1\/3&#8243;][\/vc_column][\/vc_row][vc_row full_width=&#8221;stretch_row&#8221; css=&#8221;.vc_custom_1527749867170{padding-bottom: 70px !important;}&#8221;][vc_column css=&#8221;.vc_custom_1518619717967{padding-top: 0px !important;}&#8221;][vc_row_inner][vc_column_inner][vc_column_text]<\/p>\n<h1 style=\"text-align: center;\"><strong>Progetti in corso<\/strong><\/h1>\n<p>[\/vc_column_text][\/vc_column_inner][\/vc_row_inner][vc_row_inner][vc_column_inner width=&#8221;1\/2&#8243;][vc_empty_space][vc_single_image image=&#8221;16970&#8243; img_size=&#8221;700 x 350&#8243; style=&#8221;vc_box_outline&#8221; border_color=&#8221;vista_blue&#8221; css_animation=&#8221;none&#8221; css=&#8221;.vc_custom_1632439281494{margin-bottom: 15px !important;}&#8221; el_class=&#8221;bg-silver-light&#8221;][\/vc_column_inner][vc_column_inner width=&#8221;1\/2&#8243;][vc_column_text]<\/p>\n<h4 style=\"text-align: center;\"><strong>Doposcuola\/Centro Giovanile Comunitario, Kumasi<\/strong><\/h4>\n<p>[\/vc_column_text][vc_column_text css=&#8221;.vc_custom_1679485297257{margin-bottom: 15px !important;}&#8221;]Apertura di un Doposcuola\/Centro Giovanile Comunitario nel quartiere rurale di Buokrom Estate, <strong>Kumasi<\/strong>, <strong>Ghana<\/strong>, per dare la possibilit\u00e0 di un supporto educativo e ricreativo permanente a bambini e adolescenti svantaggiati.<\/p>\n<p>Obiettivo generale: dare a bambini e adolescenti svantaggiati un luogo di riferimento dove incontrarsi e giocare, fare insieme attivit\u00e0 ricreative ed educative.[\/vc_column_text]<div class=\"tm-sc tm-sc-button text-center  \">\r\n\t<a  href=\"https:\/\/aicpghana.org\/Italian\/kumasi\/\" \r\n\t\ttarget=\"_self\"\r\n\t\tclass=\"btn btn-theme-colored1 btn-sm\">\r\n\t\t\t\tCONTINUA\t\t\t<\/a>\r\n<\/div>[\/vc_column_inner][\/vc_row_inner][vc_empty_space][vc_row_inner][vc_column_inner width=&#8221;1\/2&#8243;][vc_column_text]<\/p>\n<h4 style=\"text-align: center;\"><strong>Centro Multifunzionale per Disabili, Have<\/strong><\/h4>\n<p>[\/vc_column_text][vc_column_text css=&#8221;.vc_custom_1679481864034{margin-bottom: 15px !important;}&#8221;]Apertura di un Centro Multifunzionale per Disabili nel villaggio rurale di <strong>Have<\/strong>, <strong>Volta Region<\/strong>,<strong> Ghana<\/strong>, per dare la possibilit\u00e0 di un sostegno educativo e ricreativo permanente a bambini e adolescenti portatori di handicap fisici e psico-fisici dei villaggi della zona, al fine di consentire un percorso di inclusione sociale e scolastica in un ambiente che favorisca delle relazioni affettive ed educative significative.[\/vc_column_text]<div class=\"tm-sc tm-sc-button text-center  \">\r\n\t<a  href=\"https:\/\/www.aicpghana.org\/Italian\/volta-region\/\" \r\n\t\ttarget=\"_self\"\r\n\t\tclass=\"btn btn-theme-colored1 btn-sm\">\r\n\t\t\t\tCONTINUA\t\t\t<\/a>\r\n<\/div>[\/vc_column_inner][vc_column_inner width=&#8221;1\/2&#8243;][vc_empty_space][vc_single_image image=&#8221;17297&#8243; img_size=&#8221;700 x 350&#8243; style=&#8221;vc_box_outline&#8221; border_color=&#8221;vista_blue&#8221; css_animation=&#8221;none&#8221; css=&#8221;.vc_custom_1692008461531{margin-bottom: 15px !important;}&#8221; el_class=&#8221;bg-silver-light&#8221;][\/vc_column_inner][\/vc_row_inner][vc_empty_space][vc_empty_space][vc_column_text]<\/p>\n<h1 style=\"text-align: center;\"><strong>Facciamo un mondo migliore, insieme!<\/strong><\/h1>\n<p>[\/vc_column_text][vc_separator][vc_row_inner][vc_column_inner width=&#8221;1\/2&#8243;]<div class=\"ult-content-box-container \" >\t\t<div class=\"ult-content-box\" style=\"-webkit-transition: all 700ms ease;-moz-transition: all 700ms ease;-ms-transition: all 700ms ease;-o-transition: all 700ms ease;transition: all 700ms ease;\"    >\r\n<div class=\"tm-sc tm-sc-icon-box icon-box icon-top iconbox-style2-border-bottom iconbox-box-shadow iconbox-default-padding iconbox-centered-in-responsive icon-position-icon-top  \">\r\n\t<div class=\"icon-wrapper\">\r\n        \t\t\t\t\t<\/div>\r\n\t<div class=\"icon-text\">\r\n        \r\n\t\t\t\t<h4 class=\"icon-box-title \" >\r\n\t\t\t\t\t\t<a target=\"_self\" href=\"https:\/\/www.aicpghana.org\/Italian\/sponsor-a-project\/\">\r\n\t\t\t\tSponsorizza un Progetto\t\t\t<\/a>\r\n\t\t\t\t\t<\/h4>\r\n\t\t\t\t<div class=\"content\"><p>Diventa un\u2019azienda sostenitrice, i nostri visitatori conosceranno la tua impresa e cosa fai per i nostri bambini!<\/p>\n<\/div>\r\n\t\t\r\n                <div class=\"btn-view-details \">\r\n    <a  target=\"_self\" \r\n      href=\"https:\/\/www.aicpghana.org\/Italian\/sponsor-a-project\/\"\r\n      class=\"btn btn-warning btn-sm\">\r\n      DIVENTA SOSTENITORE    <\/a>\r\n<\/div>        \t<\/div>\r\n\t<div class=\"clearfix\"><\/div>\r\n<\/div>\t\t<\/div><\/div>[\/vc_column_inner][vc_column_inner width=&#8221;1\/2&#8243;]\r\n<div class=\"tm-sc tm-sc-icon-box icon-box icon-top iconbox-style2-border-bottom iconbox-box-shadow iconbox-default-padding iconbox-centered-in-responsive icon-position-icon-top   vc_custom_1692023154026\">\r\n\t<div class=\"icon-wrapper\">\r\n        \t\t\t\t\t<\/div>\r\n\t<div class=\"icon-text\">\r\n        \r\n\t\t\t\t<h4 class=\"icon-box-title \" style=\"color: #f2f2f2\">\r\n\t\t\t\t\t\t<a target=\"_self\" href=\"https:\/\/www.aicpghana.org\/Italian\/pages\/contact-us\/\">\r\n\t\t\t\tDiventa un Volontario\t\t\t<\/a>\r\n\t\t\t\t\t<\/h4>\r\n\t\t\t\t<div class=\"content\"><p style=\"color: white\">Facciamo un mondo migliore, insieme<\/p>\n<\/div>\r\n\t\t\r\n                <div class=\"btn-view-details \">\r\n    <a  target=\"_self\" \r\n      href=\"https:\/\/www.aicpghana.org\/Italian\/pages\/contact-us\/\"\r\n      class=\"btn btn-warning btn-sm\">\r\n      ISCRIVITI    <\/a>\r\n<\/div>        \t<\/div>\r\n\t<div class=\"clearfix\"><\/div>\r\n<\/div>[\/vc_column_inner][\/vc_row_inner][\/vc_column][\/vc_row][vc_row full_width=&#8221;stretch_row&#8221; parallax=&#8221;content-moving-fade&#8221; parallax_image=&#8221;17296&#8243; add_bg_overlay=&#8221;yes&#8221; bg_overlay_color=&#8221;theme-colored1&#8243; bg_overlay_color_opacity=&#8221;5&#8243;][vc_column][vc_empty_space][vc_column_text]<\/p>\n<h1 style=\"text-align: center; color: white;\">Donare il sorriso a qualcuno \u00e8 la cosa pi\u00f9 bella al mondo<\/h1>\n<p>[\/vc_column_text][vc_empty_space][\/vc_column][\/vc_row][vc_row full_width=&#8221;stretch_row_content&#8221; css=&#8221;.vc_custom_1692010822116{background-color: #efefef !important;}&#8221;][vc_column]\r\n<div class=\"tm-sc tm-sc-icon-box icon-box icon-top iconbox-style1-current-theme-animation text-center iconbox-box-shadow iconbox-default-padding iconbox-centered-in-responsive icon-position-icon-top  \">\r\n\t<div class=\"icon-wrapper\">\r\n        \t\t\t\t\t<\/div>\r\n\t<div class=\"icon-text\">\r\n        \r\n\t\t\t\t<h2 class=\"icon-box-title \" >\r\n\t\t\t\t\t\t<a target=\"_self\" href=\"https:\/\/www.aicpghana.org\/Italian\/donate\/\">\r\n\t\t\t\tSei un privato o un'azienda?\t\t\t<\/a>\r\n\t\t\t\t\t<\/h2>\r\n\t\t\t\t<div class=\"content\"><h4 style=\"text-align: center\"><span lang=\"IT\">\u00a0Sponsorizza i nostri progetti e dai speranza ai bambini pi\u00f9 svantaggiati!<\/span><\/h4>\n<\/div>\r\n\t\t\r\n                <div class=\"btn-view-details text-center\">\r\n    <a  target=\"_self\" \r\n      href=\"https:\/\/www.aicpghana.org\/Italian\/donate\/\"\r\n      class=\"btn btn-theme-colored1\">\r\n      DONA ORA    <\/a>\r\n<\/div>        \t<\/div>\r\n\t<div class=\"clearfix\"><\/div>\r\n<\/div>[\/vc_column][\/vc_row]<\/p>\n","protected":false},"excerpt":{"rendered":"<p>[vc_row full_width=&#8221;stretch_row&#8221; bg_type=&#8221;image&#8221; parallax_style=&#8221;vcpb-default&#8221; bg_image_new=&#8221;id^2954|url^http:\/\/wp.kodesolution.work\/personal\/j\/charitab\/demo\/wp-content\/uploads\/sites\/7\/2018\/05\/poor-child1.jpg|caption^null|alt^null|title^poor-child1|description^null&#8221; enable_overlay=&#8221;enable_overlay_value&#8221; overlay_color=&#8221;rgba(29,92,97,0.95)&#8221; css=&#8221;.vc_custom_1541094729087{padding-top: 0px !important;padding-bottom: 30px !important;}&#8221;][vc_column][vc_row_inner][vc_column_inner][vc_custom_heading text=&#8221;Awia Inclusive Community Project&#8221; font_container=&#8221;tag:h2|font_size:34|text_align:left&#8221; use_theme_fonts=&#8221;yes&#8221; el_class=&#8221;text-white font-weight-600&#8243;&#8230;<\/p>\n","protected":false},"author":1,"featured_media":0,"parent":0,"menu_order":0,"comment_status":"closed","ping_status":"closed","template":"","meta":{"footnotes":""},"class_list":["post-26","page","type-page","status-publish","hentry"],"_links":{"self":[{"href":"https:\/\/www.aicpghana.org\/Italian\/wp-json\/wp\/v2\/pages\/26","targetHints":{"allow":["GET"]}}],"collection":[{"href":"https:\/\/www.aicpghana.org\/Italian\/wp-json\/wp\/v2\/pages"}],"about":[{"href":"https:\/\/www.aicpghana.org\/Italian\/wp-json\/wp\/v2\/types\/page"}],"author":[{"embeddable":true,"href":"https:\/\/www.aicpghana.org\/Italian\/wp-json\/wp\/v2\/users\/1"}],"replies":[{"embeddable":true,"href":"https:\/\/www.aicpghana.org\/Italian\/wp-json\/wp\/v2\/comments?post=26"}],"version-history":[{"count":53,"href":"https:\/\/www.aicpghana.org\/Italian\/wp-json\/wp\/v2\/pages\/26\/revisions"}],"predecessor-version":[{"id":17435,"href":"https:\/\/www.aicpghana.org\/Italian\/wp-json\/wp\/v2\/pages\/26\/revisions\/17435"}],"wp:attachment":[{"href":"https:\/\/www.aicpghana.org\/Italian\/wp-json\/wp\/v2\/media?parent=26"}],"curies":[{"name":"wp","href":"https:\/\/api.w.org\/{rel}","templated":true}]}}