{"id":16904,"date":"2021-04-17T10:32:09","date_gmt":"2021-04-17T10:32:09","guid":{"rendered":"https:\/\/www.projectghana.org\/?page_id=16904"},"modified":"2023-09-02T16:55:42","modified_gmt":"2023-09-02T16:55:42","slug":"aicp-projects","status":"publish","type":"page","link":"https:\/\/www.aicpghana.org\/Italian\/aicp-projects\/","title":{"rendered":"PROGETTI"},"content":{"rendered":"<p>[vc_row css=&#8221;.vc_custom_1619171562734{margin-bottom: -150px !important;}&#8221;][vc_column][vc_column_text]<\/p>\n<h2 style=\"text-align: center;\"><strong>PROGETTI IN CORSO<\/strong><\/h2>\n<p>[\/vc_column_text][\/vc_column][\/vc_row][vc_row full_width=&#8221;stretch_row&#8221; parallax=&#8221;content-moving-fade&#8221; parallax_image=&#8221;16607&#8243; add_bg_overlay=&#8221;yes&#8221; bg_overlay_color=&#8221;theme-colored1&#8243; bg_overlay_color_opacity=&#8221;8&#8243;][vc_column width=&#8221;1\/2&#8243;]\r\n<div class=\"tm-sc tm-sc-icon-box icon-box icon-top iconbox-style1-current-theme-animation iconbox-box-shadow iconbox-default-padding iconbox-centered-in-responsive icon-position-icon-top  \">\r\n\t<div class=\"icon-wrapper\">\r\n        \t\t\t\t\t\t<a class=\"icon icon-type-image  icon-default   \" \r\n\t\t\t\r\n\t\t\t\t\t\ttarget=\"_self\" href=\"https:\/\/aicpghana.org\/Italian\/kumasi\/\"\r\n\t\t\t\t\t\t\t\t>\r\n\t\t\t<img decoding=\"async\" src=\"https:\/\/www.aicpghana.org\/Italian\/wp-content\/uploads\/2023\/08\/ksii.jpg\"  alt=\"Image\">\t\t<\/a>\r\n\t\t\t<\/div>\r\n\t<div class=\"icon-text\">\r\n        \r\n\t\t\t\t<h3 class=\"icon-box-title \" style=\"color: #f9f9f9\">\r\n\t\t\t\t\t\t<a target=\"_self\" href=\"https:\/\/aicpghana.org\/Italian\/kumasi\/\">\r\n\t\t\t\tDoposcuola \/ Centro Giovanile Comunitario, Kumasi\t\t\t<\/a>\r\n\t\t\t\t\t<\/h3>\r\n\t\t\t\t<div class=\"content\"><p style=\"text-align: left;color: white\">Apertura di un Doposcuola\/Centro giovanile comunitario nel quartiere rurale di Buokrom Estate, Kumasi, Ghana, per dare la possibilit\u00e0 di un supporto educativo e ricreativo permanente a bambini e adolescenti svantaggiati.<br \/>\nObiettivo generale: dare a bambini e adolescenti svantaggiati un luogo di riferimento dove incontrarsi e giocare, fare insieme attivit\u00e0 educative e ricreative.<br \/>\nL\u2019idea guida di questo progetto \u00e8 quella di attivare un programma di doposcuola per contrastare il fallimento nello studio, il livello insufficiente di alfabetizzazione e lo svantaggio educativo dei minori.<br \/>\nLo scopo del servizio doposcuola \u00e8 la motivazione e la rimotivazione dei minori \u201cin apprendimento\u201d, \u00e8 finalizzato al miglioramento del rendimento scolastico, delle competenze personali e scolastiche, lavorando sulla valorizzazione del proprio s\u00e9.<\/p>\n<\/div>\r\n\t\t\r\n                <div class=\"btn-view-details \">\r\n    <a  target=\"_self\" \r\n      href=\"https:\/\/aicpghana.org\/Italian\/kumasi\/\"\r\n      class=\"btn btn-warning btn-sm\">\r\n      GUARDA    <\/a>\r\n<\/div>        \t<\/div>\r\n\t<div class=\"clearfix\"><\/div>\r\n<\/div>[\/vc_column][vc_column width=&#8221;1\/2&#8243;]\r\n<div class=\"tm-sc tm-sc-icon-box icon-box icon-top iconbox-style1-current-theme-animation iconbox-box-shadow iconbox-default-padding iconbox-centered-in-responsive icon-position-icon-top  \">\r\n\t<div class=\"icon-wrapper\">\r\n        \t\t\t\t\t\t<a class=\"icon icon-type-image  icon-default   \" \r\n\t\t\t\r\n\t\t\t\t\t\ttarget=\"_self\" href=\"https:\/\/www.aicpghana.org\/Italian\/volta-region\/\"\r\n\t\t\t\t\t\t\t\t>\r\n\t\t\t<img decoding=\"async\" src=\"https:\/\/www.aicpghana.org\/Italian\/wp-content\/uploads\/2023\/08\/aicp-ghana-picture-coy-1.jpg\"  alt=\"Image\">\t\t<\/a>\r\n\t\t\t<\/div>\r\n\t<div class=\"icon-text\">\r\n        \r\n\t\t\t\t<h3 class=\"icon-box-title \" style=\"color: #ffffff\">\r\n\t\t\t\t\t\t<a target=\"_self\" href=\"https:\/\/www.aicpghana.org\/Italian\/volta-region\/\">\r\n\t\t\t\tCentro Multifunzionale per Disabili, Have\t\t\t<\/a>\r\n\t\t\t\t\t<\/h3>\r\n\t\t\t\t<div class=\"content\"><p style=\"text-align: left;color: white\">Apertura di un Centro Multifunzionale per Disabili nel villaggio rurale di Have, Volta Region, Ghana, per dare la possibilit\u00e0 di un sostegno educativo e ricreativo permanente a bambini e adolescenti portatori di handicap fisici e psico-fisici dei villaggi della zona, al fine di consentire un percorso di inclusione sociale e scolastica in un ambiente che favorisca delle relazioni affettive ed educative significative; il Centro \u00e8 pensato per diventare punto di riferimento delle comunit\u00e0 del territorio prescelto in quanto promotore di iniziative educative, culturali e di aggregazione sociale.<br \/>\nPurtroppo la cultura tradizionale locale \u00e8 profondamente radicata nella stigmatizzazione della disabilit\u00e0, che viene ostracizzata e a volte attivamente soppressa. Oggi le mentalit\u00e0 stanno cambiando ma c\u2019\u00e8 ancora molto da fare per educare le famiglie e le comunit\u00e0 ad una visione diversa della disabilit\u00e0.<\/p>\n<\/div>\r\n\t\t\r\n                <div class=\"btn-view-details \">\r\n    <a  target=\"_self\" \r\n      href=\"https:\/\/www.aicpghana.org\/Italian\/volta-region\/\"\r\n      class=\"btn btn-warning btn-sm\">\r\n      GUARDA    <\/a>\r\n<\/div>        \t<\/div>\r\n\t<div class=\"clearfix\"><\/div>\r\n<\/div>[\/vc_column][\/vc_row][vc_row full_width=&#8221;stretch_row_content&#8221; css=&#8221;.vc_custom_1692010822116{background-color: #efefef !important;}&#8221;][vc_column]\r\n<div class=\"tm-sc tm-sc-icon-box icon-box icon-top iconbox-style1-current-theme-animation text-center iconbox-box-shadow iconbox-default-padding iconbox-centered-in-responsive icon-position-icon-top  \">\r\n\t<div class=\"icon-wrapper\">\r\n        \t\t\t\t\t<\/div>\r\n\t<div class=\"icon-text\">\r\n        \r\n\t\t\t\t<h2 class=\"icon-box-title \" >\r\n\t\t\t\t\t\t<a target=\"_self\" href=\"https:\/\/www.aicpghana.org\/Italian\/donate\/\">\r\n\t\t\t\tSei un privato o un'azienda?\t\t\t<\/a>\r\n\t\t\t\t\t<\/h2>\r\n\t\t\t\t<div class=\"content\"><h4 style=\"text-align: center\"><span lang=\"IT\">\u00a0Sponsorizza i nostri progetti e dai speranza ai bambini pi\u00f9 svantaggiati!<\/span><\/h4>\n<\/div>\r\n\t\t\r\n                <div class=\"btn-view-details text-center\">\r\n    <a  target=\"_self\" \r\n      href=\"https:\/\/www.aicpghana.org\/Italian\/donate\/\"\r\n      class=\"btn btn-theme-colored1\">\r\n      DONA ORA    <\/a>\r\n<\/div>        \t<\/div>\r\n\t<div class=\"clearfix\"><\/div>\r\n<\/div>[\/vc_column][\/vc_row]<\/p>\n","protected":false},"excerpt":{"rendered":"<p>[vc_row css=&#8221;.vc_custom_1619171562734{margin-bottom: -150px !important;}&#8221;][vc_column][vc_column_text] PROGETTI IN CORSO [\/vc_column_text][\/vc_column][\/vc_row][vc_row full_width=&#8221;stretch_row&#8221; parallax=&#8221;content-moving-fade&#8221; parallax_image=&#8221;16607&#8243; add_bg_overlay=&#8221;yes&#8221; bg_overlay_color=&#8221;theme-colored1&#8243; bg_overlay_color_opacity=&#8221;8&#8243;][vc_column width=&#8221;1\/2&#8243;][\/vc_column][vc_column width=&#8221;1\/2&#8243;][\/vc_column][\/vc_row][vc_row full_width=&#8221;stretch_row_content&#8221; css=&#8221;.vc_custom_1692010822116{background-color: #efefef !important;}&#8221;][vc_column][\/vc_column][\/vc_row]<\/p>\n","protected":false},"author":1,"featured_media":0,"parent":0,"menu_order":0,"comment_status":"closed","ping_status":"closed","template":"","meta":{"footnotes":""},"class_list":["post-16904","page","type-page","status-publish","hentry"],"_links":{"self":[{"href":"https:\/\/www.aicpghana.org\/Italian\/wp-json\/wp\/v2\/pages\/16904","targetHints":{"allow":["GET"]}}],"collection":[{"href":"https:\/\/www.aicpghana.org\/Italian\/wp-json\/wp\/v2\/pages"}],"about":[{"href":"https:\/\/www.aicpghana.org\/Italian\/wp-json\/wp\/v2\/types\/page"}],"author":[{"embeddable":true,"href":"https:\/\/www.aicpghana.org\/Italian\/wp-json\/wp\/v2\/users\/1"}],"replies":[{"embeddable":true,"href":"https:\/\/www.aicpghana.org\/Italian\/wp-json\/wp\/v2\/comments?post=16904"}],"version-history":[{"count":26,"href":"https:\/\/www.aicpghana.org\/Italian\/wp-json\/wp\/v2\/pages\/16904\/revisions"}],"predecessor-version":[{"id":17439,"href":"https:\/\/www.aicpghana.org\/Italian\/wp-json\/wp\/v2\/pages\/16904\/revisions\/17439"}],"wp:attachment":[{"href":"https:\/\/www.aicpghana.org\/Italian\/wp-json\/wp\/v2\/media?parent=16904"}],"curies":[{"name":"wp","href":"https:\/\/api.w.org\/{rel}","templated":true}]}}