{"id":16888,"date":"2021-04-16T18:55:57","date_gmt":"2021-04-16T18:55:57","guid":{"rendered":"https:\/\/www.projectghana.org\/?page_id=16888"},"modified":"2023-08-29T14:59:50","modified_gmt":"2023-08-29T14:59:50","slug":"sponsor-a-project","status":"publish","type":"page","link":"https:\/\/www.aicpghana.org\/Italian\/sponsor-a-project\/","title":{"rendered":"SPONSORIZZA UN PROGETTO"},"content":{"rendered":"<p>[vc_row full_width=&#8221;stretch_row&#8221; el_class=&#8221;bg-silver-light&#8221;][vc_column][vc_column_text]<\/p>\n<h2 style=\"text-align: center;\"><strong>SPONSORIZZA UN PROGETTO<\/strong><\/h2>\n<p>[\/vc_column_text][vc_column_text]<\/p>\n<h4 style=\"text-align: center;\"><strong>Come si fa a sponsorizzare un progetto?<\/strong><\/h4>\n<p>Sponsorizzare un progetto con AICP significa scegliere di sostenerlo tutto o in parte.<\/p>\n<p>\u00c8 possibile sponsorizzare un intero progetto, donandone il relativo importo o suddividendolo periodicamente secondo un piano prestabilito, oppure finanziare una o pi\u00f9 singole voci di esso con la stessa modalit\u00e0. Questo ci aiuter\u00e0 a pianificare gli interventi in modo efficace, evitando interruzioni ai lavori iniziati o problemi nel pagamento del personale.<\/p>\n<p>Puoi scegliere la frequenza del versamento (mensile, trimestrale, semestrale o annuale) ed avvalerti anche della domiciliazione bancaria per rendere l\u2019operazione automatica e non doverti ricordare di effettuare il bonifico.<\/p>\n<p>&nbsp;<\/p>\n<h4 style=\"text-align: center;\"><strong>Come dare il tuo sostegno<br \/>\n<\/strong><\/h4>\n<ul>\n<li>Metti gratuitamente a disposizione le tue capacit\u00e0 (organizzazione di eventi, raccolta fondi, esperienza nel web e nei social network)<\/li>\n<li>Contattaci per inviare ausili per i disabili (in particolare carrozzine, ti daremo indicazioni per altri ausili specifici), vestiario (anche usato in buone condizioni) e materiale scolastico per i bambini pi\u00f9 poveri<\/li>\n<li>Fornisci a AICP contatti importanti che potresti avere con persone o aziende che ritieni interessate a sponsorizzare un progetto<\/li>\n<li>Spargi la voce su AICP a familiari, amici e colleghi di lavoro<\/li>\n<li>Aiuta a procurare pi\u00f9 donatori mensili per AICP<\/li>\n<\/ul>\n<p>&nbsp;<\/p>\n<p><strong>Vai alla sezione <\/strong><strong><a href=\"https:\/\/www.aicpghana.org\/Italian\/donate\/\">DONA<\/a><\/strong><strong>\u00a0o contattaci compilando questo <a href=\"https:\/\/www.aicpghana.org\/Italian\/richiesta-informazioni\/\">FORM<\/a><\/strong><\/p>\n<p><strong>IMPORTANTE: ogni azienda che faccia una donazione ad AICP sotto qualsiasi forma avr\u00e0 uno spazio come <em>Sponsor<\/em> in questa sezione del sito.<\/strong>[\/vc_column_text][\/vc_column][\/vc_row][vc_row full_width=&#8221;stretch_row_content&#8221; css=&#8221;.vc_custom_1692010822116{background-color: #efefef !important;}&#8221;][vc_column]\r\n<div class=\"tm-sc tm-sc-icon-box icon-box icon-top iconbox-style1-current-theme-animation text-center iconbox-box-shadow iconbox-default-padding iconbox-centered-in-responsive icon-position-icon-top  \">\r\n\t<div class=\"icon-wrapper\">\r\n        \t\t\t\t\t<\/div>\r\n\t<div class=\"icon-text\">\r\n        \r\n\t\t\t\t<h2 class=\"icon-box-title \" >\r\n\t\t\t\t\t\t<a target=\"_self\" href=\"https:\/\/www.aicpghana.org\/Italian\/donate\/\">\r\n\t\t\t\tSei un privato o un'azienda?\t\t\t<\/a>\r\n\t\t\t\t\t<\/h2>\r\n\t\t\t\t<div class=\"content\"><h4 style=\"text-align: center\"><span lang=\"IT\">\u00a0Sponsorizza i nostri progetti e dai speranza ai bambini pi\u00f9 svantaggiati!<\/span><\/h4>\n<\/div>\r\n\t\t\r\n                <div class=\"btn-view-details text-center\">\r\n    <a  target=\"_self\" \r\n      href=\"https:\/\/www.aicpghana.org\/Italian\/donate\/\"\r\n      class=\"btn btn-theme-colored1\">\r\n      DONA ORA    <\/a>\r\n<\/div>        \t<\/div>\r\n\t<div class=\"clearfix\"><\/div>\r\n<\/div>[\/vc_column][\/vc_row]<\/p>\n","protected":false},"excerpt":{"rendered":"<p>[vc_row full_width=&#8221;stretch_row&#8221; el_class=&#8221;bg-silver-light&#8221;][vc_column][vc_column_text] SPONSORIZZA UN PROGETTO [\/vc_column_text][vc_column_text] Come si fa a sponsorizzare un progetto? Sponsorizzare un progetto con AICP significa&#8230;<\/p>\n","protected":false},"author":1,"featured_media":0,"parent":0,"menu_order":0,"comment_status":"closed","ping_status":"closed","template":"","meta":{"footnotes":""},"class_list":["post-16888","page","type-page","status-publish","hentry"],"_links":{"self":[{"href":"https:\/\/www.aicpghana.org\/Italian\/wp-json\/wp\/v2\/pages\/16888","targetHints":{"allow":["GET"]}}],"collection":[{"href":"https:\/\/www.aicpghana.org\/Italian\/wp-json\/wp\/v2\/pages"}],"about":[{"href":"https:\/\/www.aicpghana.org\/Italian\/wp-json\/wp\/v2\/types\/page"}],"author":[{"embeddable":true,"href":"https:\/\/www.aicpghana.org\/Italian\/wp-json\/wp\/v2\/users\/1"}],"replies":[{"embeddable":true,"href":"https:\/\/www.aicpghana.org\/Italian\/wp-json\/wp\/v2\/comments?post=16888"}],"version-history":[{"count":28,"href":"https:\/\/www.aicpghana.org\/Italian\/wp-json\/wp\/v2\/pages\/16888\/revisions"}],"predecessor-version":[{"id":17429,"href":"https:\/\/www.aicpghana.org\/Italian\/wp-json\/wp\/v2\/pages\/16888\/revisions\/17429"}],"wp:attachment":[{"href":"https:\/\/www.aicpghana.org\/Italian\/wp-json\/wp\/v2\/media?parent=16888"}],"curies":[{"name":"wp","href":"https:\/\/api.w.org\/{rel}","templated":true}]}}