{"id":16881,"date":"2021-04-14T22:13:34","date_gmt":"2021-04-14T22:13:34","guid":{"rendered":"https:\/\/www.projectghana.org\/?page_id=16881"},"modified":"2023-09-02T16:51:14","modified_gmt":"2023-09-02T16:51:14","slug":"volta-region","status":"publish","type":"page","link":"https:\/\/www.aicpghana.org\/Italian\/volta-region\/","title":{"rendered":"Volta Region"},"content":{"rendered":"<p>[vc_row full_width=&#8221;stretch_row&#8221; bg_type=&#8221;image&#8221; parallax_style=&#8221;vcpb-default&#8221; bg_image_new=&#8221;id^15600|url^http:\/\/wp.kodesolution.work\/personal\/j\/charitab\/demo\/wp-content\/uploads\/sites\/7\/2018\/06\/dotted-worldmap1.png|caption^null|alt^null|title^dotted-worldmap1|description^null&#8221; enable_overlay=&#8221;enable_overlay_value&#8221; overlay_color=&#8221;rgba(247,247,247,0.72)&#8221; el_class=&#8221;bg-silver-light&#8221;][vc_column css=&#8221;.vc_custom_1518619717967{padding-top: 0px !important;}&#8221;][vc_row_inner][vc_column_inner][vc_custom_heading text=&#8221;Volta Region: HAVE &#8211; La Scuola della Gioia&#8221; font_container=&#8221;tag:h2|text_align:center&#8221; use_theme_fonts=&#8221;yes&#8221;][vc_custom_heading text=&#8221;Centro Multifunzionale per Disabili&#8221; font_container=&#8221;tag:h4|text_align:center&#8221; use_theme_fonts=&#8221;yes&#8221;][\/vc_column_inner][\/vc_row_inner][vc_column_text]Apertura di un Centro Multifunzionale per Disabili nel villaggio rurale di Have, Volta Region, Ghana, per dare la possibilit\u00e0 di un sostegno educativo e ricreativo permanente a bambini e adolescenti portatori di handicap fisici e psico-fisici dei villaggi della zona, al fine di consentire un percorso di inclusione sociale e scolastica in un ambiente che favorisca delle relazioni affettive ed educative significative; il Centro \u00e8 pensato per diventare punto di riferimento delle comunit\u00e0 del territorio prescelto in quanto promotore di iniziative educative, culturali e di aggregazione sociale.<\/p>\n<p>Purtroppo la cultura tradizionale locale \u00e8 profondamente radicata nella stigmatizzazione della disabilit\u00e0, che viene ostracizzata e a volte attivamente soppressa. Oggi le mentalit\u00e0 stanno cambiando ma c&#8217;\u00e8 ancora molto da fare per educare le famiglie e le comunit\u00e0 ad una visione diversa della disabilit\u00e0.<\/p>\n<p>In questo contesto l\u2019ONG Awia Inclusive Community Project (AICP), in partnership con l\u2019ONG Give a Dream Foundation, intende sviluppare un Centro Multifunzionale per Disabili che diventi fulcro di iniziative educative per le comunit\u00e0 del territorio con particolare riferimento all\u2019inclusione sociale e scolastica dei minori diversamente abili.<\/p>\n<p>&nbsp;<\/p>\n<p><strong>Finalit\u00e0 generale<\/strong>: dare a bambini e adolescenti ed ai loro coetanei disabili un punto di riferimento dove incontrarsi e giocare, fare attivit\u00e0 educative e ricreative insieme al fine di produrre un cambiamento nella percezione della disabilit\u00e0 e dell\u2019handicap all\u2019interno della famiglia e della comunit\u00e0.<\/p>\n<ul>\n<li>\u00a0\u00a0\u00a0 Percezione della disabilit\u00e0 e dell\u2019handicap a livello famigliare e comunitario<\/li>\n<li>\u00a0\u00a0\u00a0 Il diversamente abile depositario di dignit\u00e0 e diritti<\/li>\n<li>\u00a0 \u00a0 Inclusione sociale delle persone diversamente abili<\/li>\n<\/ul>\n<p>&nbsp;<\/p>\n<p>La logica delle attivit\u00e0 che verranno proposte \u00e8 quella di sperimentare una nuova consapevolezza dei rapporti umani e delle diversit\u00e0.[\/vc_column_text][vc_row_inner][vc_column_inner][vc_column_text]<\/p>\n<h4><strong>I beneficiari<\/strong><\/h4>\n<p>Il Centro Multifunzionale per Disabili estender\u00e0 la sua azione in un\u2019area che comprende 25 comunit\u00e0 che fanno parte del Consiglio Tradizionale di Have (Have Traditional Council), la cui popolazione totale \u00e8 di circa 3.500 abitanti.<\/p>\n<p>Beneficiari del progetto saranno principalmente i minori con disabilit\u00e0, ma il lavoro di ricerca e sensibilizzazione riguarder\u00e0 le comunit\u00e0 nel loro insieme e le autorit\u00e0 dei villaggi e del Distretto.<\/p>\n<p>In particolare, nell\u2019area sono presenti 105 bambini disabili che non frequentano la scuola, dei quali 42 vivono lontano da dove sorger\u00e0 il Centro (circa 5 km.), perci\u00f2 abbiamo in progetto di acquistare un minivan di seconda mano per il tragitto giornaliero casa-scuola-casa.<\/p>\n<p>Sostenibilit\u00e0 del minivan: il minibus funzioner\u00e0 come trasporto pubblico nelle ore in cui i bambini sono a scuola per raccogliere fondi per il mantenimento ed il carburante.[\/vc_column_text][vc_custom_heading text=&#8221;La strategia di intervento: modalit\u00e0 e azioni&#8221; font_container=&#8221;tag:h3|text_align:center&#8221; use_theme_fonts=&#8221;yes&#8221;][vc_empty_space][vc_column_text]<\/p>\n<h5>1. RICERCA E SENSIBILIZZAZIONE<\/h5>\n<p><em>Oltre l\u2019Handicap: da Disabile a Diversamente Abile<\/em><\/p>\n<p>Il progetto prevede uno studio preliminare (gi\u00e0 in corso) nelle comunit\u00e0 del territorio prescelto con personale locale competente per classificare il tipo di handicap e il grado di integrazione di ogni soggetto nel contesto famigliare e comunitario. Durante la ricerca si stabiliranno contatti con le comunit\u00e0 attraverso incontri di sensibilizzazione allo scopo di produrre un cambiamento nella percezione della disabilit\u00e0 e dell\u2019handicap all\u2019interno delle famiglie e delle comunit\u00e0 stesse.<\/p>\n<p>Per ogni singolo caso di disabilit\u00e0 verranno studiate attivit\u00e0 specifiche da realizzare insieme ai coetanei, alla famiglia e alla comunit\u00e0.<\/p>\n<p>Il legame con le comunit\u00e0 sar\u00e0 mantenuto attraverso incontri periodici di sensibilizzazione e monitoraggio dei risultati.[\/vc_column_text][vc_column_text]<\/p>\n<h5>2. ATTIVITA\u2019 EDUCATIVO-RICREATIVE<\/h5>\n<p>Le attivit\u00e0 educative e ricreative alla base del percorso dei ragazzi saranno svolte in gruppo per favorire la collaborazione e il sostegno reciproco. Le attivit\u00e0 offriranno opportunit\u00e0 per:<\/p>\n<ul>\n<li>migliorare le attivit\u00e0 funzionali e scolastiche dei minori disabili<\/li>\n<li>creare opportunit\u00e0 di comunicazione e di socializzazione<\/li>\n<li>migliorare le relazioni tra i minori con disabilit\u00e0, i familiari e la comunit\u00e0<\/li>\n<li>rompere le barriere dovute ad atteggiamenti stereotipati<\/li>\n<li>aumentare la consapevolezza sulla disabilit\u00e0 e sulle potenzialit\u00e0 dei disabili a vari livelli, famigliare, sociale, scolastico, comunitario<\/li>\n<\/ul>\n<p>[\/vc_column_text][vc_column_text]<\/p>\n<h5><strong>3. ATTIVITA\u2019 CON I MINORI<\/strong><\/h5>\n<ul>\n<li>Attivit\u00e0 scolastiche quotidiane e alfabetizzazione<\/li>\n<li>Attivit\u00e0 espressive quotidiane: musica e sviluppo delle capacit\u00e0 artistiche. Parte di queste attivit\u00e0 saranno legate alla vita culturale e rituale della zona<\/li>\n<li>Organizzazione di attivit\u00e0 ricreative integrative basate sugli interessi, le passioni e le attitudini dei bambini<\/li>\n<\/ul>\n<p>[\/vc_column_text][vc_column_text]<\/p>\n<h5><strong>4. ATTIVIT\u00c0 DI RETE<\/strong><\/h5>\n<p>Saranno svolte attivit\u00e0 di networking sia sulla rete formale (scuole ed insegnanti del territorio) che informale (livello familiare e comunitario) al fine di sensibilizzare sull\u2019importanza dell\u2019educazione inclusiva, condividere alcuni strumenti operativi e finalizzare gli interventi a favore dei disabili.<\/p>\n<p>L\u2019associazione, da un lato, manterr\u00e0 i contatti con le famiglie dei bambini assistiti al fine di coinvolgerle e responsabilizzarle nel processo di sostegno, dall\u2019altro coinvolger\u00e0 i bambini e le loro famiglie nelle numerose iniziative organizzate da Awia Inclusive Community Project, come feste ed eventi, legati anche alla vita rituale della comunit\u00e0.[\/vc_column_text][vc_column_text]<\/p>\n<h5><strong>5. ADOZIONI A DISTANZA<\/strong><\/h5>\n<p><strong>AICP<\/strong> predispone programmi di adozione a distanza per bambini svantaggiati e disabili per provvedere ai loro bisogni e per l\u2019acquisto di ausili per la disabilit\u00e0[\/vc_column_text][vc_column_text]<\/p>\n<h5><strong>6. COSTRUZIONE SPAZI<br \/>\n<\/strong><\/h5>\n<p>Spazio disponibile:<\/p>\n<p>Attualmente sono disponibili 140 metri quadrati per 200 di terreno per ospitare le strutture edilizie.<\/p>\n<p>Spazi da costruire:<\/p>\n<ul>\n<li>6 aule complete di servizi igienici per disabili per fornire adeguati spazi di apprendimento<\/li>\n<li>4 dormitori (2 maschili e 2 femminili) da 25 posti ciascuno con relativi servizi igienici per l\u2019alloggio dei minori disabili che non possono muoversi quotidianamente avanti e indietro.<\/li>\n<li>1 cucina con dispensa, 1 ufficio, 1 ampia camera (tripla) e servizi igienici per lo staff<\/li>\n<li>1 piccolo dispensario medico di primo soccorso<\/li>\n<\/ul>\n<p>&nbsp;<\/p>\n<p>Attualmente solo 3 dei 105 bambini disabili distribuiti nell&#8217;area frequentano quotidianamente la scuola; prevediamo di avere il Centro pronto entro la fine del 2024.[\/vc_column_text][vc_column_text][\/vc_column_text][\/vc_column_inner][\/vc_row_inner][\/vc_column][\/vc_row][vc_row full_width=&#8221;stretch_row_content&#8221; css=&#8221;.vc_custom_1692010822116{background-color: #efefef !important;}&#8221;][vc_column]\r\n<div class=\"tm-sc tm-sc-icon-box icon-box icon-top iconbox-style1-current-theme-animation text-center iconbox-box-shadow iconbox-default-padding iconbox-centered-in-responsive icon-position-icon-top  \">\r\n\t<div class=\"icon-wrapper\">\r\n        \t\t\t\t\t<\/div>\r\n\t<div class=\"icon-text\">\r\n        \r\n\t\t\t\t<h2 class=\"icon-box-title \" >\r\n\t\t\t\t\t\t<a target=\"_self\" href=\"https:\/\/www.aicpghana.org\/Italian\/donate\/\">\r\n\t\t\t\tSei un privato o un'azienda?\t\t\t<\/a>\r\n\t\t\t\t\t<\/h2>\r\n\t\t\t\t<div class=\"content\"><h4 style=\"text-align: center\"><span lang=\"IT\">\u00a0Sponsorizza i nostri progetti e dai speranza ai bambini pi\u00f9 svantaggiati!<\/span><\/h4>\n<\/div>\r\n\t\t\r\n                <div class=\"btn-view-details text-center\">\r\n    <a  target=\"_self\" \r\n      href=\"https:\/\/www.aicpghana.org\/Italian\/donate\/\"\r\n      class=\"btn btn-theme-colored1\">\r\n      DONA ORA    <\/a>\r\n<\/div>        \t<\/div>\r\n\t<div class=\"clearfix\"><\/div>\r\n<\/div>[\/vc_column][\/vc_row]<\/p>\n","protected":false},"excerpt":{"rendered":"<p>[vc_row full_width=&#8221;stretch_row&#8221; bg_type=&#8221;image&#8221; parallax_style=&#8221;vcpb-default&#8221; bg_image_new=&#8221;id^15600|url^http:\/\/wp.kodesolution.work\/personal\/j\/charitab\/demo\/wp-content\/uploads\/sites\/7\/2018\/06\/dotted-worldmap1.png|caption^null|alt^null|title^dotted-worldmap1|description^null&#8221; enable_overlay=&#8221;enable_overlay_value&#8221; overlay_color=&#8221;rgba(247,247,247,0.72)&#8221; el_class=&#8221;bg-silver-light&#8221;][vc_column css=&#8221;.vc_custom_1518619717967{padding-top: 0px !important;}&#8221;][vc_row_inner][vc_column_inner][vc_custom_heading text=&#8221;Volta Region: HAVE &#8211; La Scuola della Gioia&#8221; font_container=&#8221;tag:h2|text_align:center&#8221;&#8230;<\/p>\n","protected":false},"author":1,"featured_media":0,"parent":0,"menu_order":0,"comment_status":"closed","ping_status":"closed","template":"","meta":{"footnotes":""},"class_list":["post-16881","page","type-page","status-publish","hentry"],"_links":{"self":[{"href":"https:\/\/www.aicpghana.org\/Italian\/wp-json\/wp\/v2\/pages\/16881","targetHints":{"allow":["GET"]}}],"collection":[{"href":"https:\/\/www.aicpghana.org\/Italian\/wp-json\/wp\/v2\/pages"}],"about":[{"href":"https:\/\/www.aicpghana.org\/Italian\/wp-json\/wp\/v2\/types\/page"}],"author":[{"embeddable":true,"href":"https:\/\/www.aicpghana.org\/Italian\/wp-json\/wp\/v2\/users\/1"}],"replies":[{"embeddable":true,"href":"https:\/\/www.aicpghana.org\/Italian\/wp-json\/wp\/v2\/comments?post=16881"}],"version-history":[{"count":39,"href":"https:\/\/www.aicpghana.org\/Italian\/wp-json\/wp\/v2\/pages\/16881\/revisions"}],"predecessor-version":[{"id":17438,"href":"https:\/\/www.aicpghana.org\/Italian\/wp-json\/wp\/v2\/pages\/16881\/revisions\/17438"}],"wp:attachment":[{"href":"https:\/\/www.aicpghana.org\/Italian\/wp-json\/wp\/v2\/media?parent=16881"}],"curies":[{"name":"wp","href":"https:\/\/api.w.org\/{rel}","templated":true}]}}