{"id":15129,"date":"2018-06-02T04:42:58","date_gmt":"2018-06-02T04:42:58","guid":{"rendered":"http:\/\/wp.kodesolution.work\/personal\/j\/charitab\/demo\/?page_id=15129"},"modified":"2024-03-20T10:57:23","modified_gmt":"2024-03-20T10:57:23","slug":"mission","status":"publish","type":"page","link":"https:\/\/www.aicpghana.org\/Italian\/pages\/mission\/","title":{"rendered":"Mission"},"content":{"rendered":"<p>[vc_row][vc_column width=&#8221;1\/2&#8243;][vc_custom_heading text=&#8221;MISSION&#8221; use_theme_fonts=&#8221;yes&#8221;][vc_column_text]La <em>mission<\/em> di AICP \u00e8 quella di realizzare progetti socio-educativi e di sviluppo secondo il metodo denominato Community-Based Rehabilitation (CBR) promosso dall&#8217;OMS, radicato nel concetto di sviluppo inclusivo su base comunitaria, che prevede il miglioramento della qualit\u00e0 della vita per i meno privilegiati e per le persone con disabilit\u00e0 non solo grazie al soddisfacimento dei bisogni primari ma garantendo inclusione e partecipazione alla vita comunitaria.<\/p>\n<p>Ci\u00f2 si ottiene realizzando progetti che danno la possibilit\u00e0 di un sostegno educativo e ricreativo permanente a bambini e adolescenti svantaggiati ed ai loro coetanei con handicap fisico e psico-fisico nelle aree prescelte.[\/vc_column_text][\/vc_column][vc_column width=&#8221;1\/2&#8243;][vc_single_image image=&#8221;17365&#8243; img_size=&#8221;700 x 550&#8243; style=&#8221;vc_box_outline&#8221; border_color=&#8221;vista_blue&#8221;][\/vc_column][\/vc_row][vc_row css=&#8221;.vc_custom_1618392070662{margin-top: -250px !important;}&#8221;][vc_column][vc_column_text]<strong>In particolare, le finalit\u00e0 di AICP comprendono:<\/strong><\/p>\n<ol>\n<li>inclusione sociale di bambini e adolescenti svantaggiati e dei loro coetanei con disabilit\u00e0 contrastando i fattori che favoriscono l\u2019esclusione sociale e la vulnerabilit\u00e0;<\/li>\n<li>promozione di un ambiente comunitario di sostegno, che consenta ai minori disabili e pi\u00f9 svantaggiati di prendere parte attiva alla vita della comunit\u00e0 al fine di cambiare la percezione generale della disabilit\u00e0 nella societ\u00e0;<\/li>\n<li>enfatizzare i ruoli e le responsabilit\u00e0 della famiglia nel processo educativo-formativo;<\/li>\n<li>facilitare l\u2019accesso all\u2019istruzione inclusiva;<\/li>\n<li>cultura, arte e attivit\u00e0 ricreative come mezzi di reinserimento sociale per persone con disabilit\u00e0 e minori svantaggiati;<\/li>\n<li>sviluppare attivit\u00e0 di networking sia sulla rete formale (scuole e insegnanti locali) che informale (livello familiare e di comunit\u00e0) al fine di sensibilizzare sull\u2019importanza dell\u2019educazione inclusiva, condividere alcuni strumenti operativi e finalizzare interventi a favore dei disabili e dei minori meno privilegiati.<\/li>\n<\/ol>\n<p>&nbsp;<\/p>\n<p>L\u2019associazione crea partnership con altre ONG locali aventi obiettivi simili dando supporto al miglioramento di progetti gi\u00e0 esistenti o sviluppando nuovi progetti insieme.<\/p>\n<p>L\u2019associazione mira a collaborare e diventare un partner locale privilegiato di ONG e organizzazioni internazionali per raccogliere fondi per i propri progetti e creare nuovi progetti in sinergia con loro.[\/vc_column_text][vc_custom_heading text=&#8221;Diamo Ausili ai Disabili&#8221; font_container=&#8221;tag:h2|text_align:center&#8221; use_theme_fonts=&#8221;yes&#8221;][vc_row_inner][vc_column_inner][vc_masonry_media_grid gap=&#8221;10&#8243; item=&#8221;mediaGrid_Default&#8221; grid_id=&#8221;vc_gid:1710932064620-e3877213-986b-3&#8243; include=&#8221;17395,17394,17393,17396,17398,17368,17401,17371,17404&#8243;][\/vc_column_inner][\/vc_row_inner][\/vc_column][\/vc_row][vc_row full_width=&#8221;stretch_row_content&#8221; css=&#8221;.vc_custom_1692018474345{background-color: #efefef !important;}&#8221;][vc_column]\r\n<div class=\"tm-sc tm-sc-icon-box icon-box icon-top iconbox-style1-current-theme-animation text-center iconbox-box-shadow iconbox-default-padding iconbox-centered-in-responsive icon-position-icon-top  \">\r\n\t<div class=\"icon-wrapper\">\r\n        \t\t\t\t\t<\/div>\r\n\t<div class=\"icon-text\">\r\n        \r\n\t\t\t\t<h2 class=\"icon-box-title \" >\r\n\t\t\t\t\t\t<a target=\"_self\" href=\"https:\/\/www.aicpghana.org\/Italian\/donate\/\">\r\n\t\t\t\tSei un privato o un'azienda?\t\t\t<\/a>\r\n\t\t\t\t\t<\/h2>\r\n\t\t\t\t<div class=\"content\"><h4 style=\"text-align: center\"><span lang=\"IT\">\u00a0Sponsorizza i nostri progetti e dai speranza ai bambini pi\u00f9 svantaggiati!<\/span><\/h4>\n<\/div>\r\n\t\t\r\n                <div class=\"btn-view-details text-center\">\r\n    <a  target=\"_self\" \r\n      href=\"https:\/\/www.aicpghana.org\/Italian\/donate\/\"\r\n      class=\"btn btn-theme-colored1\">\r\n      DONA ORA    <\/a>\r\n<\/div>        \t<\/div>\r\n\t<div class=\"clearfix\"><\/div>\r\n<\/div>[\/vc_column][\/vc_row]<\/p>\n","protected":false},"excerpt":{"rendered":"<p>[vc_row][vc_column width=&#8221;1\/2&#8243;][vc_custom_heading text=&#8221;MISSION&#8221; use_theme_fonts=&#8221;yes&#8221;][vc_column_text]La mission di AICP \u00e8 quella di realizzare progetti socio-educativi e di sviluppo secondo il metodo denominato&#8230;<\/p>\n","protected":false},"author":1,"featured_media":0,"parent":16041,"menu_order":0,"comment_status":"closed","ping_status":"closed","template":"","meta":{"footnotes":""},"class_list":["post-15129","page","type-page","status-publish","hentry"],"_links":{"self":[{"href":"https:\/\/www.aicpghana.org\/Italian\/wp-json\/wp\/v2\/pages\/15129","targetHints":{"allow":["GET"]}}],"collection":[{"href":"https:\/\/www.aicpghana.org\/Italian\/wp-json\/wp\/v2\/pages"}],"about":[{"href":"https:\/\/www.aicpghana.org\/Italian\/wp-json\/wp\/v2\/types\/page"}],"author":[{"embeddable":true,"href":"https:\/\/www.aicpghana.org\/Italian\/wp-json\/wp\/v2\/users\/1"}],"replies":[{"embeddable":true,"href":"https:\/\/www.aicpghana.org\/Italian\/wp-json\/wp\/v2\/comments?post=15129"}],"version-history":[{"count":32,"href":"https:\/\/www.aicpghana.org\/Italian\/wp-json\/wp\/v2\/pages\/15129\/revisions"}],"predecessor-version":[{"id":17446,"href":"https:\/\/www.aicpghana.org\/Italian\/wp-json\/wp\/v2\/pages\/15129\/revisions\/17446"}],"up":[{"embeddable":true,"href":"https:\/\/www.aicpghana.org\/Italian\/wp-json\/wp\/v2\/pages\/16041"}],"wp:attachment":[{"href":"https:\/\/www.aicpghana.org\/Italian\/wp-json\/wp\/v2\/media?parent=15129"}],"curies":[{"name":"wp","href":"https:\/\/api.w.org\/{rel}","templated":true}]}}